{"id":10,"date":"2015-02-27T13:49:05","date_gmt":"2015-02-27T12:49:05","guid":{"rendered":"http:\/\/mathieupoulain.cluster1.easy-hebergement.net\/?page_id=10"},"modified":"2021-02-27T11:21:56","modified_gmt":"2021-02-27T10:21:56","slug":"biographie","status":"publish","type":"page","link":"https:\/\/mathieupoulain.cluster1.easy-hebergement.net\/?page_id=10","title":{"rendered":"Biographie"},"content":{"rendered":"<div class='photo-galleria' ><div data-carousel-extra='{\"blog_id\":1,\"permalink\":\"https:\\\/\\\/mathieupoulain.cluster1.easy-hebergement.net\\\/?page_id=10\"}' id='gallery-1' class='gallery galleryid-10 gallery-columns-3 gallery-size-medium'><figure class='gallery-item'>\n\t\t\t<div class='gallery-icon portrait'>\n\t\t\t\t<a href='https:\/\/i0.wp.com\/mathieupoulain.cluster1.easy-hebergement.net\/wp-content\/uploads\/2015\/02\/portrait.jpg?fit=762%2C1024&ssl=1' title='Lyon 2015'><img width=\"223\" height=\"300\" src=\"https:\/\/i0.wp.com\/mathieupoulain.cluster1.easy-hebergement.net\/wp-content\/uploads\/2015\/02\/portrait.jpg?fit=223%2C300&amp;ssl=1\" class=\"attachment-medium size-medium\" alt=\"\" decoding=\"async\" loading=\"lazy\" srcset=\"https:\/\/i0.wp.com\/mathieupoulain.cluster1.easy-hebergement.net\/wp-content\/uploads\/2015\/02\/portrait.jpg?w=2976&amp;ssl=1 2976w, https:\/\/i0.wp.com\/mathieupoulain.cluster1.easy-hebergement.net\/wp-content\/uploads\/2015\/02\/portrait.jpg?resize=223%2C300&amp;ssl=1 223w, https:\/\/i0.wp.com\/mathieupoulain.cluster1.easy-hebergement.net\/wp-content\/uploads\/2015\/02\/portrait.jpg?resize=762%2C1024&amp;ssl=1 762w, https:\/\/i0.wp.com\/mathieupoulain.cluster1.easy-hebergement.net\/wp-content\/uploads\/2015\/02\/portrait.jpg?w=1528&amp;ssl=1 1528w, https:\/\/i0.wp.com\/mathieupoulain.cluster1.easy-hebergement.net\/wp-content\/uploads\/2015\/02\/portrait.jpg?w=2292&amp;ssl=1 2292w\" sizes=\"(max-width: 223px) 100vw, 223px\" data-attachment-id=\"131\" data-permalink=\"https:\/\/mathieupoulain.cluster1.easy-hebergement.net\/?attachment_id=131\" data-orig-file=\"https:\/\/i0.wp.com\/mathieupoulain.cluster1.easy-hebergement.net\/wp-content\/uploads\/2015\/02\/portrait.jpg?fit=2976%2C4000&amp;ssl=1\" data-orig-size=\"2976,4000\" data-comments-opened=\"0\" data-image-meta=\"{&quot;aperture&quot;:&quot;4.5&quot;,&quot;credit&quot;:&quot;Picasa&quot;,&quot;camera&quot;:&quot;ILCE-6000&quot;,&quot;caption&quot;:&quot;&quot;,&quot;created_timestamp&quot;:&quot;1417870558&quot;,&quot;copyright&quot;:&quot;&quot;,&quot;focal_length&quot;:&quot;16&quot;,&quot;iso&quot;:&quot;2500&quot;,&quot;shutter_speed&quot;:&quot;0.0125&quot;,&quot;title&quot;:&quot;&quot;,&quot;orientation&quot;:&quot;0&quot;}\" data-image-title=\"Lyon 2015\" data-image-description=\"&lt;p&gt;Lyon 2015&lt;\/p&gt;\n\" data-image-caption=\"&lt;p&gt;Lyon 2015&lt;\/p&gt;\n\" data-medium-file=\"https:\/\/i0.wp.com\/mathieupoulain.cluster1.easy-hebergement.net\/wp-content\/uploads\/2015\/02\/portrait.jpg?fit=223%2C300&amp;ssl=1\" data-large-file=\"https:\/\/i0.wp.com\/mathieupoulain.cluster1.easy-hebergement.net\/wp-content\/uploads\/2015\/02\/portrait.jpg?fit=762%2C1024&amp;ssl=1\" \/><\/a>\n\t\t\t<\/div>\n\t\t\t\t<figcaption class='wp-caption-text gallery-caption' id='gallery-1-131'>\n\t\t\t\tLyon 2015\n\t\t\t\t<\/figcaption><\/figure><figure class='gallery-item'>\n\t\t\t<div class='gallery-icon landscape'>\n\t\t\t\t<a href='https:\/\/i0.wp.com\/mathieupoulain.cluster1.easy-hebergement.net\/wp-content\/uploads\/2015\/02\/DSC1645.jpg?fit=764%2C510&ssl=1' title='Lyon 2015'><img width=\"300\" height=\"200\" src=\"https:\/\/i0.wp.com\/mathieupoulain.cluster1.easy-hebergement.net\/wp-content\/uploads\/2015\/02\/DSC1645.jpg?fit=300%2C200&amp;ssl=1\" class=\"attachment-medium size-medium\" alt=\"\" decoding=\"async\" loading=\"lazy\" srcset=\"https:\/\/i0.wp.com\/mathieupoulain.cluster1.easy-hebergement.net\/wp-content\/uploads\/2015\/02\/DSC1645.jpg?w=6000&amp;ssl=1 6000w, https:\/\/i0.wp.com\/mathieupoulain.cluster1.easy-hebergement.net\/wp-content\/uploads\/2015\/02\/DSC1645.jpg?resize=300%2C200&amp;ssl=1 300w, https:\/\/i0.wp.com\/mathieupoulain.cluster1.easy-hebergement.net\/wp-content\/uploads\/2015\/02\/DSC1645.jpg?resize=1024%2C683&amp;ssl=1 1024w, https:\/\/i0.wp.com\/mathieupoulain.cluster1.easy-hebergement.net\/wp-content\/uploads\/2015\/02\/DSC1645.jpg?w=1528&amp;ssl=1 1528w, https:\/\/i0.wp.com\/mathieupoulain.cluster1.easy-hebergement.net\/wp-content\/uploads\/2015\/02\/DSC1645.jpg?w=2292&amp;ssl=1 2292w\" sizes=\"(max-width: 300px) 100vw, 300px\" data-attachment-id=\"173\" data-permalink=\"https:\/\/mathieupoulain.cluster1.easy-hebergement.net\/?attachment_id=173\" data-orig-file=\"https:\/\/i0.wp.com\/mathieupoulain.cluster1.easy-hebergement.net\/wp-content\/uploads\/2015\/02\/DSC1645.jpg?fit=6000%2C4000&amp;ssl=1\" data-orig-size=\"6000,4000\" data-comments-opened=\"0\" data-image-meta=\"{&quot;aperture&quot;:&quot;5.6&quot;,&quot;credit&quot;:&quot;Picasa&quot;,&quot;camera&quot;:&quot;ILCE-6000&quot;,&quot;caption&quot;:&quot;&quot;,&quot;created_timestamp&quot;:&quot;1417960984&quot;,&quot;copyright&quot;:&quot;&quot;,&quot;focal_length&quot;:&quot;47&quot;,&quot;iso&quot;:&quot;400&quot;,&quot;shutter_speed&quot;:&quot;0.016666666666667&quot;,&quot;title&quot;:&quot;&quot;,&quot;orientation&quot;:&quot;1&quot;}\" data-image-title=\"Lyon 2015\" data-image-description=\"&lt;p&gt;Lyon 2015&lt;\/p&gt;\n\" data-image-caption=\"&lt;p&gt;Lyon 2015&lt;\/p&gt;\n\" data-medium-file=\"https:\/\/i0.wp.com\/mathieupoulain.cluster1.easy-hebergement.net\/wp-content\/uploads\/2015\/02\/DSC1645.jpg?fit=300%2C200&amp;ssl=1\" data-large-file=\"https:\/\/i0.wp.com\/mathieupoulain.cluster1.easy-hebergement.net\/wp-content\/uploads\/2015\/02\/DSC1645.jpg?fit=764%2C510&amp;ssl=1\" \/><\/a>\n\t\t\t<\/div>\n\t\t\t\t<figcaption class='wp-caption-text gallery-caption' id='gallery-1-173'>\n\t\t\t\tLyon 2015\n\t\t\t\t<\/figcaption><\/figure><figure class='gallery-item'>\n\t\t\t<div class='gallery-icon landscape'>\n\t\t\t\t<a href='https:\/\/i0.wp.com\/mathieupoulain.cluster1.easy-hebergement.net\/wp-content\/uploads\/2015\/08\/achariotprep.jpg?fit=764%2C509&ssl=1' title='Lyon 2015'><img width=\"300\" height=\"200\" src=\"https:\/\/i0.wp.com\/mathieupoulain.cluster1.easy-hebergement.net\/wp-content\/uploads\/2015\/08\/achariotprep.jpg?fit=300%2C200&amp;ssl=1\" class=\"attachment-medium size-medium\" alt=\"\" decoding=\"async\" loading=\"lazy\" srcset=\"https:\/\/i0.wp.com\/mathieupoulain.cluster1.easy-hebergement.net\/wp-content\/uploads\/2015\/08\/achariotprep.jpg?w=960&amp;ssl=1 960w, https:\/\/i0.wp.com\/mathieupoulain.cluster1.easy-hebergement.net\/wp-content\/uploads\/2015\/08\/achariotprep.jpg?resize=300%2C200&amp;ssl=1 300w\" sizes=\"(max-width: 300px) 100vw, 300px\" data-attachment-id=\"494\" data-permalink=\"https:\/\/mathieupoulain.cluster1.easy-hebergement.net\/?attachment_id=494\" data-orig-file=\"https:\/\/i0.wp.com\/mathieupoulain.cluster1.easy-hebergement.net\/wp-content\/uploads\/2015\/08\/achariotprep.jpg?fit=960%2C640&amp;ssl=1\" data-orig-size=\"960,640\" data-comments-opened=\"0\" data-image-meta=\"{&quot;aperture&quot;:&quot;0&quot;,&quot;credit&quot;:&quot;&quot;,&quot;camera&quot;:&quot;&quot;,&quot;caption&quot;:&quot;&quot;,&quot;created_timestamp&quot;:&quot;0&quot;,&quot;copyright&quot;:&quot;&quot;,&quot;focal_length&quot;:&quot;0&quot;,&quot;iso&quot;:&quot;0&quot;,&quot;shutter_speed&quot;:&quot;0&quot;,&quot;title&quot;:&quot;&quot;,&quot;orientation&quot;:&quot;0&quot;}\" data-image-title=\"Lyon 2015\" data-image-description=\"&lt;p&gt;Lyon 2015&lt;\/p&gt;\n\" data-image-caption=\"&lt;p&gt;Lyon 2015&lt;\/p&gt;\n\" data-medium-file=\"https:\/\/i0.wp.com\/mathieupoulain.cluster1.easy-hebergement.net\/wp-content\/uploads\/2015\/08\/achariotprep.jpg?fit=300%2C200&amp;ssl=1\" data-large-file=\"https:\/\/i0.wp.com\/mathieupoulain.cluster1.easy-hebergement.net\/wp-content\/uploads\/2015\/08\/achariotprep.jpg?fit=764%2C509&amp;ssl=1\" \/><\/a>\n\t\t\t<\/div>\n\t\t\t\t<figcaption class='wp-caption-text gallery-caption' id='gallery-1-494'>\n\t\t\t\tLyon 2015\n\t\t\t\t<\/figcaption><\/figure><figure class='gallery-item'>\n\t\t\t<div class='gallery-icon landscape'>\n\t\t\t\t<a href='https:\/\/i0.wp.com\/mathieupoulain.cluster1.easy-hebergement.net\/wp-content\/uploads\/2015\/06\/medoh.jpg?fit=764%2C478&ssl=1' title='medoh'><img width=\"300\" height=\"188\" src=\"https:\/\/i0.wp.com\/mathieupoulain.cluster1.easy-hebergement.net\/wp-content\/uploads\/2015\/06\/medoh.jpg?fit=300%2C188&amp;ssl=1\" class=\"attachment-medium size-medium\" alt=\"\" decoding=\"async\" loading=\"lazy\" srcset=\"https:\/\/i0.wp.com\/mathieupoulain.cluster1.easy-hebergement.net\/wp-content\/uploads\/2015\/06\/medoh.jpg?w=5120&amp;ssl=1 5120w, https:\/\/i0.wp.com\/mathieupoulain.cluster1.easy-hebergement.net\/wp-content\/uploads\/2015\/06\/medoh.jpg?resize=300%2C188&amp;ssl=1 300w, https:\/\/i0.wp.com\/mathieupoulain.cluster1.easy-hebergement.net\/wp-content\/uploads\/2015\/06\/medoh.jpg?resize=1024%2C640&amp;ssl=1 1024w, https:\/\/i0.wp.com\/mathieupoulain.cluster1.easy-hebergement.net\/wp-content\/uploads\/2015\/06\/medoh.jpg?w=1528&amp;ssl=1 1528w, https:\/\/i0.wp.com\/mathieupoulain.cluster1.easy-hebergement.net\/wp-content\/uploads\/2015\/06\/medoh.jpg?w=2292&amp;ssl=1 2292w\" sizes=\"(max-width: 300px) 100vw, 300px\" data-attachment-id=\"390\" data-permalink=\"https:\/\/mathieupoulain.cluster1.easy-hebergement.net\/?attachment_id=390\" data-orig-file=\"https:\/\/i0.wp.com\/mathieupoulain.cluster1.easy-hebergement.net\/wp-content\/uploads\/2015\/06\/medoh.jpg?fit=5120%2C3200&amp;ssl=1\" data-orig-size=\"5120,3200\" data-comments-opened=\"0\" data-image-meta=\"{&quot;aperture&quot;:&quot;0&quot;,&quot;credit&quot;:&quot;Picasa&quot;,&quot;camera&quot;:&quot;&quot;,&quot;caption&quot;:&quot;&quot;,&quot;created_timestamp&quot;:&quot;1433090191&quot;,&quot;copyright&quot;:&quot;&quot;,&quot;focal_length&quot;:&quot;0&quot;,&quot;iso&quot;:&quot;0&quot;,&quot;shutter_speed&quot;:&quot;0&quot;,&quot;title&quot;:&quot;&quot;,&quot;orientation&quot;:&quot;0&quot;}\" data-image-title=\"medoh\" data-image-description=\"\" data-image-caption=\"&lt;p&gt;M\u00e9donnet 2015&lt;\/p&gt;\n\" data-medium-file=\"https:\/\/i0.wp.com\/mathieupoulain.cluster1.easy-hebergement.net\/wp-content\/uploads\/2015\/06\/medoh.jpg?fit=300%2C188&amp;ssl=1\" data-large-file=\"https:\/\/i0.wp.com\/mathieupoulain.cluster1.easy-hebergement.net\/wp-content\/uploads\/2015\/06\/medoh.jpg?fit=764%2C478&amp;ssl=1\" \/><\/a>\n\t\t\t<\/div>\n\t\t\t\t<figcaption class='wp-caption-text gallery-caption' id='gallery-1-390'>\n\t\t\t\tM\u00e9donnet 2015\n\t\t\t\t<\/figcaption><\/figure>\n\t\t<\/div>\n<\/div><!-- .photo-galleria -->\n<p style=\"text-align: center;\"><span style=\"color: #999999; font-family: 'book antiqua', palatino; font-size: 20px;\">Enfance normande et dans la campagne nantaise.<\/span><\/p>\n<p style=\"text-align: center;\"><span style=\"color: #999999; font-family: 'book antiqua', palatino; font-size: 20px;\">Tr\u00e8s t\u00f4t influenc\u00e9 par la bande dessin\u00e9e et le mouvement <em>punk<\/em> .<\/span><\/p>\n<p style=\"text-align: center;\"><span style=\"color: #999999; font-family: 'book antiqua', palatino; font-size: 20px;\">Apr\u00e8s des \u00e9tudes \u00e0 Montpellier ( <em>Beaux-Arts , universit\u00e9 Paul Val\u00e9ry<\/em>).<\/span><\/p>\n<p style=\"text-align: center;\"><span style=\"color: #999999; font-family: 'book antiqua', palatino; font-size: 20px;\">D\u00e9couvertes de diff\u00e9rents <em>collectifs \u00a0alternatifs<\/em> lyonnais.<\/span><\/p>\n<p style=\"text-align: center;\"><span style=\"color: #999999; font-family: 'book antiqua', palatino; font-size: 20px;\">Formation \u00e0 Toulouse ( <em>atelier Jean-Dominique Fleury<\/em>).<\/span><\/p>\n<p style=\"text-align: center;\"><span style=\"font-family: 'book antiqua', palatino; font-size: 20px;\"><span style=\"color: #999999;\">Paris ( <em>universit\u00e9 Paris I Panth\u00e9on-Sorbonne<\/em>).<\/span><\/span><\/p>\n<p style=\"text-align: center;\"><span style=\"font-family: 'book antiqua', palatino; font-size: 20px;\"><span style=\"color: #999999;\">Vit et travaille au pays du<em> Mont Blanc<\/em>.<\/span><\/span><\/p>\n<p style=\"text-align: center;\"><span style=\"color: #999999; font-size: 20px;\">Prochainement en Bretagne .<\/span><\/p>\n<p style=\"text-align: center;\"><a href=\"https:\/\/i0.wp.com\/mathieupoulain.cluster1.easy-hebergement.net\/wp-content\/uploads\/2015\/07\/amontageblanc.jpg?ssl=1\" rel=\"attachment wp-att-448\"><img data-attachment-id=\"448\" data-permalink=\"https:\/\/mathieupoulain.cluster1.easy-hebergement.net\/?attachment_id=448\" data-orig-file=\"https:\/\/i0.wp.com\/mathieupoulain.cluster1.easy-hebergement.net\/wp-content\/uploads\/2015\/07\/amontageblanc.jpg?fit=3688%2C3181&amp;ssl=1\" data-orig-size=\"3688,3181\" data-comments-opened=\"0\" data-image-meta=\"{&quot;aperture&quot;:&quot;0&quot;,&quot;credit&quot;:&quot;Picasa&quot;,&quot;camera&quot;:&quot;&quot;,&quot;caption&quot;:&quot;&quot;,&quot;created_timestamp&quot;:&quot;1438101638&quot;,&quot;copyright&quot;:&quot;&quot;,&quot;focal_length&quot;:&quot;0&quot;,&quot;iso&quot;:&quot;0&quot;,&quot;shutter_speed&quot;:&quot;0&quot;,&quot;title&quot;:&quot;&quot;,&quot;orientation&quot;:&quot;0&quot;}\" data-image-title=\"\" data-image-description=\"\" data-image-caption=\"\" data-medium-file=\"https:\/\/i0.wp.com\/mathieupoulain.cluster1.easy-hebergement.net\/wp-content\/uploads\/2015\/07\/amontageblanc.jpg?fit=300%2C259&amp;ssl=1\" data-large-file=\"https:\/\/i0.wp.com\/mathieupoulain.cluster1.easy-hebergement.net\/wp-content\/uploads\/2015\/07\/amontageblanc.jpg?fit=764%2C659&amp;ssl=1\" decoding=\"async\" loading=\"lazy\" class=\"aligncenter wp-image-448\" src=\"https:\/\/i0.wp.com\/mathieupoulain.cluster1.easy-hebergement.net\/wp-content\/uploads\/2015\/07\/amontageblanc.jpg?resize=320%2C276&#038;ssl=1\" alt=\"\" width=\"320\" height=\"276\" srcset=\"https:\/\/i0.wp.com\/mathieupoulain.cluster1.easy-hebergement.net\/wp-content\/uploads\/2015\/07\/amontageblanc.jpg?resize=300%2C259&amp;ssl=1 300w, https:\/\/i0.wp.com\/mathieupoulain.cluster1.easy-hebergement.net\/wp-content\/uploads\/2015\/07\/amontageblanc.jpg?resize=1024%2C883&amp;ssl=1 1024w, https:\/\/i0.wp.com\/mathieupoulain.cluster1.easy-hebergement.net\/wp-content\/uploads\/2015\/07\/amontageblanc.jpg?w=1528&amp;ssl=1 1528w, https:\/\/i0.wp.com\/mathieupoulain.cluster1.easy-hebergement.net\/wp-content\/uploads\/2015\/07\/amontageblanc.jpg?w=2292&amp;ssl=1 2292w\" sizes=\"(max-width: 320px) 100vw, 320px\" data-recalc-dims=\"1\" \/><\/a><\/p>\n","protected":false},"excerpt":{"rendered":"<p>Enfance normande et dans la campagne nantaise. Tr\u00e8s t\u00f4t influenc\u00e9 par la bande dessin\u00e9e et le mouvement punk . Apr\u00e8s des \u00e9tudes \u00e0 Montpellier ( Beaux-Arts , universit\u00e9 Paul Val\u00e9ry). D\u00e9couvertes de diff\u00e9rents collectifs \u00a0alternatifs lyonnais. Formation \u00e0 Toulouse ( atelier Jean-Dominique Fleury). Paris ( universit\u00e9 Paris I Panth\u00e9on-Sorbonne). Vit et travaille au pays du [&hellip;]<\/p>\n","protected":false},"author":1,"featured_media":0,"parent":0,"menu_order":0,"comment_status":"closed","ping_status":"open","template":"","meta":{"jetpack_post_was_ever_published":false},"tags":[],"jetpack_sharing_enabled":true,"jetpack_shortlink":"https:\/\/wp.me\/P7Zs8N-a","jetpack-related-posts":[{"id":610,"url":"https:\/\/mathieupoulain.cluster1.easy-hebergement.net\/?page_id=610","url_meta":{"origin":10,"position":0},"title":"Exp\u00e9rimental","author":"Mathieu Poulain","date":"25 f\u00e9vrier 2016","format":false,"excerpt":"\u00a0 \u00a0 \u00a0 \u00a0 \u00a0 \u00a0 \u00a0 \u00a0 \u00a0 \u00a0 \u00a0 \u00a0 \u00a0 \u00a0 \u00a0 \u00a0 \u00a0 \u00a0 \u00a0 \u00a0 \u00a0 \u00a0 \u00a0 \u00a0 \u00a0 \u00a0 \u00a0 \u00a0 \u00a0 \u00a0 \u00a0 \u00a0 \u00a0 \u00a0 \u00a0 \u00a0 \u00a0 Carnet\u00a0mai 2018 Montage r\u00e9alis\u00e9 lors du vernissage de l'exposition \u00e0 Lyon - Automne\u2026","rel":"","context":"Article similaire","block_context":{"text":"Article similaire","link":""},"img":{"alt_text":"","src":"https:\/\/i0.wp.com\/mathieupoulain.cluster1.easy-hebergement.net\/wp-content\/uploads\/2015\/05\/akkkk.jpg?resize=350%2C200","width":350,"height":200},"classes":[]},{"id":8,"url":"https:\/\/mathieupoulain.cluster1.easy-hebergement.net\/?page_id=8","url_meta":{"origin":10,"position":1},"title":"Expositions","author":"Mathieu Poulain","date":"27 f\u00e9vrier 2015","format":false,"excerpt":"Exposition collective - d\u00e9cembre 2015 - septembre 2016 A l'Altiport chez C\u00e9line \u00a0- Meg\u00e8ve Exposition individuelle - Automne 2015 Au 10 rue du Chariot d'or \u00e0 Lyon Montage de l'exposition Intro Projection int\u00e9grale Participation au Festival des squats organis\u00e9 par le Palais de Tokyo en 2002 Au 111, rue St\u2026","rel":"","context":"Article similaire","block_context":{"text":"Article similaire","link":""},"img":{"alt_text":"_DSC3580-002","src":"https:\/\/i0.wp.com\/mathieupoulain.cluster1.easy-hebergement.net\/wp-content\/uploads\/2016\/02\/DSC3580-002-300x183.jpg?resize=350%2C200","width":350,"height":200},"classes":[]}],"_links":{"self":[{"href":"https:\/\/mathieupoulain.cluster1.easy-hebergement.net\/index.php?rest_route=\/wp\/v2\/pages\/10"}],"collection":[{"href":"https:\/\/mathieupoulain.cluster1.easy-hebergement.net\/index.php?rest_route=\/wp\/v2\/pages"}],"about":[{"href":"https:\/\/mathieupoulain.cluster1.easy-hebergement.net\/index.php?rest_route=\/wp\/v2\/types\/page"}],"author":[{"embeddable":true,"href":"https:\/\/mathieupoulain.cluster1.easy-hebergement.net\/index.php?rest_route=\/wp\/v2\/users\/1"}],"replies":[{"embeddable":true,"href":"https:\/\/mathieupoulain.cluster1.easy-hebergement.net\/index.php?rest_route=%2Fwp%2Fv2%2Fcomments&post=10"}],"version-history":[{"count":36,"href":"https:\/\/mathieupoulain.cluster1.easy-hebergement.net\/index.php?rest_route=\/wp\/v2\/pages\/10\/revisions"}],"predecessor-version":[{"id":1795,"href":"https:\/\/mathieupoulain.cluster1.easy-hebergement.net\/index.php?rest_route=\/wp\/v2\/pages\/10\/revisions\/1795"}],"wp:attachment":[{"href":"https:\/\/mathieupoulain.cluster1.easy-hebergement.net\/index.php?rest_route=%2Fwp%2Fv2%2Fmedia&parent=10"}],"wp:term":[{"taxonomy":"post_tag","embeddable":true,"href":"https:\/\/mathieupoulain.cluster1.easy-hebergement.net\/index.php?rest_route=%2Fwp%2Fv2%2Ftags&post=10"}],"curies":[{"name":"wp","href":"https:\/\/api.w.org\/{rel}","templated":true}]}}