{"id":187,"date":"2015-03-01T19:29:58","date_gmt":"2015-03-01T18:29:58","guid":{"rendered":"http:\/\/mathieupoulain.cluster1.easy-hebergement.net\/?page_id=187"},"modified":"2016-07-11T18:03:13","modified_gmt":"2016-07-11T17:03:13","slug":"contact","status":"publish","type":"page","link":"https:\/\/mathieupoulain.cluster1.easy-hebergement.net\/?page_id=187","title":{"rendered":"Contact"},"content":{"rendered":"<p><span style=\"font-family: 'book antiqua', palatino; font-size: 20px;\">matthieupoulain.22@gmail.com<\/span><\/p>\n<p>https:\/\/www.facebook.com\/matthieu.poulain<\/p>\n","protected":false},"excerpt":{"rendered":"<p>matthieupoulain.22@gmail.com https:\/\/www.facebook.com\/matthieu.poulain<\/p>\n","protected":false},"author":1,"featured_media":0,"parent":0,"menu_order":0,"comment_status":"closed","ping_status":"open","template":"","meta":{"jetpack_post_was_ever_published":false},"tags":[],"jetpack_sharing_enabled":true,"jetpack_shortlink":"https:\/\/wp.me\/P7Zs8N-31","jetpack-related-posts":[{"id":610,"url":"https:\/\/mathieupoulain.cluster1.easy-hebergement.net\/?page_id=610","url_meta":{"origin":187,"position":0},"title":"Exp\u00e9rimental","author":"Mathieu Poulain","date":"25 f\u00e9vrier 2016","format":false,"excerpt":"\u00a0 \u00a0 \u00a0 \u00a0 \u00a0 \u00a0 \u00a0 \u00a0 \u00a0 \u00a0 \u00a0 \u00a0 \u00a0 \u00a0 \u00a0 \u00a0 \u00a0 \u00a0 \u00a0 \u00a0 \u00a0 \u00a0 \u00a0 \u00a0 \u00a0 \u00a0 \u00a0 \u00a0 \u00a0 \u00a0 \u00a0 \u00a0 \u00a0 \u00a0 \u00a0 \u00a0 \u00a0 Carnet\u00a0mai 2018 Montage r\u00e9alis\u00e9 lors du vernissage de l'exposition \u00e0 Lyon - Automne\u2026","rel":"","context":"Article similaire","block_context":{"text":"Article similaire","link":""},"img":{"alt_text":"","src":"https:\/\/i0.wp.com\/mathieupoulain.cluster1.easy-hebergement.net\/wp-content\/uploads\/2015\/05\/akkkk.jpg?resize=350%2C200","width":350,"height":200},"classes":[]}],"_links":{"self":[{"href":"https:\/\/mathieupoulain.cluster1.easy-hebergement.net\/index.php?rest_route=\/wp\/v2\/pages\/187"}],"collection":[{"href":"https:\/\/mathieupoulain.cluster1.easy-hebergement.net\/index.php?rest_route=\/wp\/v2\/pages"}],"about":[{"href":"https:\/\/mathieupoulain.cluster1.easy-hebergement.net\/index.php?rest_route=\/wp\/v2\/types\/page"}],"author":[{"embeddable":true,"href":"https:\/\/mathieupoulain.cluster1.easy-hebergement.net\/index.php?rest_route=\/wp\/v2\/users\/1"}],"replies":[{"embeddable":true,"href":"https:\/\/mathieupoulain.cluster1.easy-hebergement.net\/index.php?rest_route=%2Fwp%2Fv2%2Fcomments&post=187"}],"version-history":[{"count":5,"href":"https:\/\/mathieupoulain.cluster1.easy-hebergement.net\/index.php?rest_route=\/wp\/v2\/pages\/187\/revisions"}],"predecessor-version":[{"id":724,"href":"https:\/\/mathieupoulain.cluster1.easy-hebergement.net\/index.php?rest_route=\/wp\/v2\/pages\/187\/revisions\/724"}],"wp:attachment":[{"href":"https:\/\/mathieupoulain.cluster1.easy-hebergement.net\/index.php?rest_route=%2Fwp%2Fv2%2Fmedia&parent=187"}],"wp:term":[{"taxonomy":"post_tag","embeddable":true,"href":"https:\/\/mathieupoulain.cluster1.easy-hebergement.net\/index.php?rest_route=%2Fwp%2Fv2%2Ftags&post=187"}],"curies":[{"name":"wp","href":"https:\/\/api.w.org\/{rel}","templated":true}]}}