{"id":8,"date":"2015-02-27T13:48:48","date_gmt":"2015-02-27T12:48:48","guid":{"rendered":"http:\/\/mathieupoulain.cluster1.easy-hebergement.net\/?page_id=8"},"modified":"2021-02-27T11:18:58","modified_gmt":"2021-02-27T10:18:58","slug":"expositions","status":"publish","type":"page","link":"https:\/\/mathieupoulain.cluster1.easy-hebergement.net\/?page_id=8","title":{"rendered":"Expositions"},"content":{"rendered":"<table style=\"width: 900px; height: 1000px;\" cellspacing=\"10\">\n<tbody>\n<tr>\n<td>\n<p><a href=\"https:\/\/i0.wp.com\/mathieupoulain.cluster1.easy-hebergement.net\/wp-content\/uploads\/2016\/02\/DSC3580-002.jpg?ssl=1\" rel=\"attachment wp-att-659\"><img data-attachment-id=\"659\" data-permalink=\"https:\/\/mathieupoulain.cluster1.easy-hebergement.net\/?attachment_id=659\" data-orig-file=\"https:\/\/i0.wp.com\/mathieupoulain.cluster1.easy-hebergement.net\/wp-content\/uploads\/2016\/02\/DSC3580-002.jpg?fit=1024%2C626&amp;ssl=1\" data-orig-size=\"1024,626\" data-comments-opened=\"0\" data-image-meta=\"{&quot;aperture&quot;:&quot;4&quot;,&quot;credit&quot;:&quot;Picasa&quot;,&quot;camera&quot;:&quot;ILCE-6000&quot;,&quot;caption&quot;:&quot;&quot;,&quot;created_timestamp&quot;:&quot;1456429976&quot;,&quot;copyright&quot;:&quot;&quot;,&quot;focal_length&quot;:&quot;19&quot;,&quot;iso&quot;:&quot;3200&quot;,&quot;shutter_speed&quot;:&quot;0.025&quot;,&quot;title&quot;:&quot;&quot;,&quot;orientation&quot;:&quot;0&quot;}\" data-image-title=\"_DSC3580-002\" data-image-description=\"\" data-image-caption=\"\" data-medium-file=\"https:\/\/i0.wp.com\/mathieupoulain.cluster1.easy-hebergement.net\/wp-content\/uploads\/2016\/02\/DSC3580-002.jpg?fit=300%2C183&amp;ssl=1\" data-large-file=\"https:\/\/i0.wp.com\/mathieupoulain.cluster1.easy-hebergement.net\/wp-content\/uploads\/2016\/02\/DSC3580-002.jpg?fit=764%2C467&amp;ssl=1\" decoding=\"async\" loading=\"lazy\" class=\"aligncenter wp-image-659\" src=\"https:\/\/i0.wp.com\/mathieupoulain.cluster1.easy-hebergement.net\/wp-content\/uploads\/2016\/02\/DSC3580-002.jpg?resize=409%2C250&#038;ssl=1\" alt=\"_DSC3580-002\" width=\"409\" height=\"250\" srcset=\"https:\/\/i0.wp.com\/mathieupoulain.cluster1.easy-hebergement.net\/wp-content\/uploads\/2016\/02\/DSC3580-002.jpg?resize=300%2C183&amp;ssl=1 300w, https:\/\/i0.wp.com\/mathieupoulain.cluster1.easy-hebergement.net\/wp-content\/uploads\/2016\/02\/DSC3580-002.jpg?resize=768%2C470&amp;ssl=1 768w, https:\/\/i0.wp.com\/mathieupoulain.cluster1.easy-hebergement.net\/wp-content\/uploads\/2016\/02\/DSC3580-002.jpg?w=1024&amp;ssl=1 1024w\" sizes=\"(max-width: 409px) 100vw, 409px\" data-recalc-dims=\"1\" \/><\/a><\/td>\n<td>\n<p>Exposition collective &#8211; d\u00e9cembre 2015 &#8211; septembre 2016<\/p>\n<p>A l&rsquo;Altiport chez C\u00e9line \u00a0&#8211; Meg\u00e8ve<\/td>\n<\/tr>\n<tr>\n<td>\n<p><a href=\"https:\/\/i0.wp.com\/mathieupoulain.cluster1.easy-hebergement.net\/wp-content\/uploads\/2015\/09\/acart.jpg?ssl=1\" rel=\"attachment wp-att-543\"><img data-attachment-id=\"543\" data-permalink=\"https:\/\/mathieupoulain.cluster1.easy-hebergement.net\/?attachment_id=543\" data-orig-file=\"https:\/\/i0.wp.com\/mathieupoulain.cluster1.easy-hebergement.net\/wp-content\/uploads\/2015\/09\/acart.jpg?fit=4124%2C5148&amp;ssl=1\" data-orig-size=\"4124,5148\" data-comments-opened=\"0\" data-image-meta=\"{&quot;aperture&quot;:&quot;0&quot;,&quot;credit&quot;:&quot;Picasa&quot;,&quot;camera&quot;:&quot;&quot;,&quot;caption&quot;:&quot;&quot;,&quot;created_timestamp&quot;:&quot;1355011668&quot;,&quot;copyright&quot;:&quot;&quot;,&quot;focal_length&quot;:&quot;0&quot;,&quot;iso&quot;:&quot;0&quot;,&quot;shutter_speed&quot;:&quot;0&quot;,&quot;title&quot;:&quot;&quot;,&quot;orientation&quot;:&quot;0&quot;}\" data-image-title=\"\" data-image-description=\"\" data-image-caption=\"\" data-medium-file=\"https:\/\/i0.wp.com\/mathieupoulain.cluster1.easy-hebergement.net\/wp-content\/uploads\/2015\/09\/acart.jpg?fit=240%2C300&amp;ssl=1\" data-large-file=\"https:\/\/i0.wp.com\/mathieupoulain.cluster1.easy-hebergement.net\/wp-content\/uploads\/2015\/09\/acart.jpg?fit=764%2C954&amp;ssl=1\" decoding=\"async\" loading=\"lazy\" class=\"aligncenter wp-image-543\" src=\"https:\/\/i0.wp.com\/mathieupoulain.cluster1.easy-hebergement.net\/wp-content\/uploads\/2015\/09\/acart.jpg?resize=240%2C300&#038;ssl=1\" alt=\"\" width=\"240\" height=\"300\" srcset=\"https:\/\/i0.wp.com\/mathieupoulain.cluster1.easy-hebergement.net\/wp-content\/uploads\/2015\/09\/acart.jpg?resize=240%2C300&amp;ssl=1 240w, https:\/\/i0.wp.com\/mathieupoulain.cluster1.easy-hebergement.net\/wp-content\/uploads\/2015\/09\/acart.jpg?resize=820%2C1024&amp;ssl=1 820w, https:\/\/i0.wp.com\/mathieupoulain.cluster1.easy-hebergement.net\/wp-content\/uploads\/2015\/09\/acart.jpg?w=1528&amp;ssl=1 1528w, https:\/\/i0.wp.com\/mathieupoulain.cluster1.easy-hebergement.net\/wp-content\/uploads\/2015\/09\/acart.jpg?w=2292&amp;ssl=1 2292w\" sizes=\"(max-width: 240px) 100vw, 240px\" data-recalc-dims=\"1\" \/><\/a><\/td>\n<td>\n<p>Exposition individuelle &#8211; Automne 2015<\/p>\n<p>Au 10 rue du Chariot d&rsquo;or \u00e0 Lyon<\/p>\n<p><a href=\"https:\/\/www.youtube.com\/watch?v=r0QMpMTDgfE\" target=\"_blank\" rel=\"noopener\">Montage de l&rsquo;exposition<\/a><\/p>\n<p><a href=\"https:\/\/www.youtube.com\/watch?v=tBTKfTOQSLs\">Intro<\/a><\/p>\n<p><a href=\"https:\/\/www.youtube.com\/watch?v=6Wzts198XTg\">Projection int\u00e9grale<\/a><\/td>\n<\/tr>\n<tr>\n<td>\n<p><a href=\"https:\/\/i0.wp.com\/mathieupoulain.cluster1.easy-hebergement.net\/wp-content\/uploads\/2015\/02\/Document-1-page001.jpg?ssl=1\" rel=\"attachment wp-att-614\"><img data-attachment-id=\"614\" data-permalink=\"https:\/\/mathieupoulain.cluster1.easy-hebergement.net\/?attachment_id=614\" data-orig-file=\"https:\/\/i0.wp.com\/mathieupoulain.cluster1.easy-hebergement.net\/wp-content\/uploads\/2015\/02\/Document-1-page001.jpg?fit=430%2C349&amp;ssl=1\" data-orig-size=\"430,349\" data-comments-opened=\"0\" data-image-meta=\"{&quot;aperture&quot;:&quot;0&quot;,&quot;credit&quot;:&quot;Picasa&quot;,&quot;camera&quot;:&quot;&quot;,&quot;caption&quot;:&quot;&quot;,&quot;created_timestamp&quot;:&quot;1456406932&quot;,&quot;copyright&quot;:&quot;&quot;,&quot;focal_length&quot;:&quot;0&quot;,&quot;iso&quot;:&quot;0&quot;,&quot;shutter_speed&quot;:&quot;0&quot;,&quot;title&quot;:&quot;&quot;,&quot;orientation&quot;:&quot;0&quot;}\" data-image-title=\"Document-1-page001\" data-image-description=\"\" data-image-caption=\"\" data-medium-file=\"https:\/\/i0.wp.com\/mathieupoulain.cluster1.easy-hebergement.net\/wp-content\/uploads\/2015\/02\/Document-1-page001.jpg?fit=300%2C243&amp;ssl=1\" data-large-file=\"https:\/\/i0.wp.com\/mathieupoulain.cluster1.easy-hebergement.net\/wp-content\/uploads\/2015\/02\/Document-1-page001.jpg?fit=430%2C349&amp;ssl=1\" decoding=\"async\" loading=\"lazy\" class=\"aligncenter wp-image-614\" src=\"https:\/\/i0.wp.com\/mathieupoulain.cluster1.easy-hebergement.net\/wp-content\/uploads\/2015\/02\/Document-1-page001.jpg?resize=370%2C300&#038;ssl=1\" alt=\"Document-1-page001\" width=\"370\" height=\"300\" srcset=\"https:\/\/i0.wp.com\/mathieupoulain.cluster1.easy-hebergement.net\/wp-content\/uploads\/2015\/02\/Document-1-page001.jpg?resize=300%2C243&amp;ssl=1 300w, https:\/\/i0.wp.com\/mathieupoulain.cluster1.easy-hebergement.net\/wp-content\/uploads\/2015\/02\/Document-1-page001.jpg?w=430&amp;ssl=1 430w\" sizes=\"(max-width: 370px) 100vw, 370px\" data-recalc-dims=\"1\" \/><\/a><\/td>\n<td>\n<p>Participation au Festival des squats<\/p>\n<p>organis\u00e9 par le Palais de Tokyo en 2002<\/p>\n<p>Au 111, rue St Honor\u00e9 \u00e0 Paris<\/p>\n<p>Actuel Laboratoire de la Cr\u00e9ation<\/p>\n<p>(Galerie La Tour)<\/p>\n<p><a href=\"https:\/\/i0.wp.com\/mathieupoulain.cluster1.easy-hebergement.net\/wp-content\/uploads\/2015\/02\/lib\u00e91.jpg?ssl=1\"><img data-attachment-id=\"903\" data-permalink=\"https:\/\/mathieupoulain.cluster1.easy-hebergement.net\/?attachment_id=903\" data-orig-file=\"https:\/\/i0.wp.com\/mathieupoulain.cluster1.easy-hebergement.net\/wp-content\/uploads\/2015\/02\/lib\u00e91.jpg?fit=2550%2C3507&amp;ssl=1\" data-orig-size=\"2550,3507\" data-comments-opened=\"0\" data-image-meta=\"{&quot;aperture&quot;:&quot;0&quot;,&quot;credit&quot;:&quot;Picasa&quot;,&quot;camera&quot;:&quot;&quot;,&quot;caption&quot;:&quot;&quot;,&quot;created_timestamp&quot;:&quot;1481205685&quot;,&quot;copyright&quot;:&quot;&quot;,&quot;focal_length&quot;:&quot;0&quot;,&quot;iso&quot;:&quot;0&quot;,&quot;shutter_speed&quot;:&quot;0&quot;,&quot;title&quot;:&quot;&quot;,&quot;orientation&quot;:&quot;0&quot;}\" data-image-title=\"lib\u00e91\" data-image-description=\"\" data-image-caption=\"\" data-medium-file=\"https:\/\/i0.wp.com\/mathieupoulain.cluster1.easy-hebergement.net\/wp-content\/uploads\/2015\/02\/lib\u00e91.jpg?fit=218%2C300&amp;ssl=1\" data-large-file=\"https:\/\/i0.wp.com\/mathieupoulain.cluster1.easy-hebergement.net\/wp-content\/uploads\/2015\/02\/lib\u00e91.jpg?fit=745%2C1024&amp;ssl=1\" decoding=\"async\" loading=\"lazy\" class=\"aligncenter wp-image-903 size-large\" src=\"https:\/\/i0.wp.com\/mathieupoulain.cluster1.easy-hebergement.net\/wp-content\/uploads\/2015\/02\/lib\u00e91.jpg?resize=745%2C1024&#038;ssl=1\" width=\"745\" height=\"1024\" srcset=\"https:\/\/i0.wp.com\/mathieupoulain.cluster1.easy-hebergement.net\/wp-content\/uploads\/2015\/02\/lib\u00e91.jpg?resize=745%2C1024&amp;ssl=1 745w, https:\/\/i0.wp.com\/mathieupoulain.cluster1.easy-hebergement.net\/wp-content\/uploads\/2015\/02\/lib\u00e91.jpg?resize=218%2C300&amp;ssl=1 218w, https:\/\/i0.wp.com\/mathieupoulain.cluster1.easy-hebergement.net\/wp-content\/uploads\/2015\/02\/lib\u00e91.jpg?resize=768%2C1056&amp;ssl=1 768w, https:\/\/i0.wp.com\/mathieupoulain.cluster1.easy-hebergement.net\/wp-content\/uploads\/2015\/02\/lib\u00e91.jpg?w=1528&amp;ssl=1 1528w, https:\/\/i0.wp.com\/mathieupoulain.cluster1.easy-hebergement.net\/wp-content\/uploads\/2015\/02\/lib\u00e91.jpg?w=2292&amp;ssl=1 2292w\" sizes=\"(max-width: 745px) 100vw, 745px\" data-recalc-dims=\"1\" \/><\/a> <a href=\"https:\/\/i0.wp.com\/mathieupoulain.cluster1.easy-hebergement.net\/wp-content\/uploads\/2015\/02\/lib\u00e92.jpg?ssl=1\"><img data-attachment-id=\"904\" data-permalink=\"https:\/\/mathieupoulain.cluster1.easy-hebergement.net\/?attachment_id=904\" data-orig-file=\"https:\/\/i0.wp.com\/mathieupoulain.cluster1.easy-hebergement.net\/wp-content\/uploads\/2015\/02\/lib\u00e92.jpg?fit=2550%2C3507&amp;ssl=1\" data-orig-size=\"2550,3507\" data-comments-opened=\"0\" data-image-meta=\"{&quot;aperture&quot;:&quot;0&quot;,&quot;credit&quot;:&quot;Picasa&quot;,&quot;camera&quot;:&quot;&quot;,&quot;caption&quot;:&quot;&quot;,&quot;created_timestamp&quot;:&quot;1481205767&quot;,&quot;copyright&quot;:&quot;&quot;,&quot;focal_length&quot;:&quot;0&quot;,&quot;iso&quot;:&quot;0&quot;,&quot;shutter_speed&quot;:&quot;0&quot;,&quot;title&quot;:&quot;&quot;,&quot;orientation&quot;:&quot;0&quot;}\" data-image-title=\"lib\u00e92\" data-image-description=\"\" data-image-caption=\"\" data-medium-file=\"https:\/\/i0.wp.com\/mathieupoulain.cluster1.easy-hebergement.net\/wp-content\/uploads\/2015\/02\/lib\u00e92.jpg?fit=218%2C300&amp;ssl=1\" data-large-file=\"https:\/\/i0.wp.com\/mathieupoulain.cluster1.easy-hebergement.net\/wp-content\/uploads\/2015\/02\/lib\u00e92.jpg?fit=745%2C1024&amp;ssl=1\" decoding=\"async\" loading=\"lazy\" class=\"aligncenter wp-image-904 size-large\" src=\"https:\/\/i0.wp.com\/mathieupoulain.cluster1.easy-hebergement.net\/wp-content\/uploads\/2015\/02\/lib\u00e92.jpg?resize=745%2C1024&#038;ssl=1\" width=\"745\" height=\"1024\" srcset=\"https:\/\/i0.wp.com\/mathieupoulain.cluster1.easy-hebergement.net\/wp-content\/uploads\/2015\/02\/lib\u00e92.jpg?resize=745%2C1024&amp;ssl=1 745w, https:\/\/i0.wp.com\/mathieupoulain.cluster1.easy-hebergement.net\/wp-content\/uploads\/2015\/02\/lib\u00e92.jpg?resize=218%2C300&amp;ssl=1 218w, https:\/\/i0.wp.com\/mathieupoulain.cluster1.easy-hebergement.net\/wp-content\/uploads\/2015\/02\/lib\u00e92.jpg?resize=768%2C1056&amp;ssl=1 768w, https:\/\/i0.wp.com\/mathieupoulain.cluster1.easy-hebergement.net\/wp-content\/uploads\/2015\/02\/lib\u00e92.jpg?w=1528&amp;ssl=1 1528w, https:\/\/i0.wp.com\/mathieupoulain.cluster1.easy-hebergement.net\/wp-content\/uploads\/2015\/02\/lib\u00e92.jpg?w=2292&amp;ssl=1 2292w\" sizes=\"(max-width: 745px) 100vw, 745px\" data-recalc-dims=\"1\" \/><\/a> <a href=\"https:\/\/i0.wp.com\/mathieupoulain.cluster1.easy-hebergement.net\/wp-content\/uploads\/2015\/02\/lib\u00e93.jpg?ssl=1\"><img data-attachment-id=\"905\" data-permalink=\"https:\/\/mathieupoulain.cluster1.easy-hebergement.net\/?attachment_id=905\" data-orig-file=\"https:\/\/i0.wp.com\/mathieupoulain.cluster1.easy-hebergement.net\/wp-content\/uploads\/2015\/02\/lib\u00e93.jpg?fit=2550%2C3507&amp;ssl=1\" data-orig-size=\"2550,3507\" data-comments-opened=\"0\" data-image-meta=\"{&quot;aperture&quot;:&quot;0&quot;,&quot;credit&quot;:&quot;Picasa&quot;,&quot;camera&quot;:&quot;&quot;,&quot;caption&quot;:&quot;&quot;,&quot;created_timestamp&quot;:&quot;1481205848&quot;,&quot;copyright&quot;:&quot;&quot;,&quot;focal_length&quot;:&quot;0&quot;,&quot;iso&quot;:&quot;0&quot;,&quot;shutter_speed&quot;:&quot;0&quot;,&quot;title&quot;:&quot;&quot;,&quot;orientation&quot;:&quot;0&quot;}\" data-image-title=\"lib\u00e93\" data-image-description=\"\" data-image-caption=\"\" data-medium-file=\"https:\/\/i0.wp.com\/mathieupoulain.cluster1.easy-hebergement.net\/wp-content\/uploads\/2015\/02\/lib\u00e93.jpg?fit=218%2C300&amp;ssl=1\" data-large-file=\"https:\/\/i0.wp.com\/mathieupoulain.cluster1.easy-hebergement.net\/wp-content\/uploads\/2015\/02\/lib\u00e93.jpg?fit=745%2C1024&amp;ssl=1\" decoding=\"async\" loading=\"lazy\" class=\"aligncenter wp-image-905 size-large\" src=\"https:\/\/i0.wp.com\/mathieupoulain.cluster1.easy-hebergement.net\/wp-content\/uploads\/2015\/02\/lib\u00e93.jpg?resize=745%2C1024&#038;ssl=1\" width=\"745\" height=\"1024\" srcset=\"https:\/\/i0.wp.com\/mathieupoulain.cluster1.easy-hebergement.net\/wp-content\/uploads\/2015\/02\/lib\u00e93.jpg?resize=745%2C1024&amp;ssl=1 745w, https:\/\/i0.wp.com\/mathieupoulain.cluster1.easy-hebergement.net\/wp-content\/uploads\/2015\/02\/lib\u00e93.jpg?resize=218%2C300&amp;ssl=1 218w, https:\/\/i0.wp.com\/mathieupoulain.cluster1.easy-hebergement.net\/wp-content\/uploads\/2015\/02\/lib\u00e93.jpg?resize=768%2C1056&amp;ssl=1 768w, https:\/\/i0.wp.com\/mathieupoulain.cluster1.easy-hebergement.net\/wp-content\/uploads\/2015\/02\/lib\u00e93.jpg?w=1528&amp;ssl=1 1528w, https:\/\/i0.wp.com\/mathieupoulain.cluster1.easy-hebergement.net\/wp-content\/uploads\/2015\/02\/lib\u00e93.jpg?w=2292&amp;ssl=1 2292w\" sizes=\"(max-width: 745px) 100vw, 745px\" data-recalc-dims=\"1\" \/><\/a> <a href=\"https:\/\/i0.wp.com\/mathieupoulain.cluster1.easy-hebergement.net\/wp-content\/uploads\/2015\/02\/lib\u00e94.jpg?ssl=1\"><img data-attachment-id=\"906\" data-permalink=\"https:\/\/mathieupoulain.cluster1.easy-hebergement.net\/?attachment_id=906\" data-orig-file=\"https:\/\/i0.wp.com\/mathieupoulain.cluster1.easy-hebergement.net\/wp-content\/uploads\/2015\/02\/lib\u00e94.jpg?fit=2550%2C3507&amp;ssl=1\" data-orig-size=\"2550,3507\" data-comments-opened=\"0\" data-image-meta=\"{&quot;aperture&quot;:&quot;0&quot;,&quot;credit&quot;:&quot;Picasa&quot;,&quot;camera&quot;:&quot;&quot;,&quot;caption&quot;:&quot;&quot;,&quot;created_timestamp&quot;:&quot;1481205933&quot;,&quot;copyright&quot;:&quot;&quot;,&quot;focal_length&quot;:&quot;0&quot;,&quot;iso&quot;:&quot;0&quot;,&quot;shutter_speed&quot;:&quot;0&quot;,&quot;title&quot;:&quot;&quot;,&quot;orientation&quot;:&quot;0&quot;}\" data-image-title=\"lib\u00e94\" data-image-description=\"\" data-image-caption=\"\" data-medium-file=\"https:\/\/i0.wp.com\/mathieupoulain.cluster1.easy-hebergement.net\/wp-content\/uploads\/2015\/02\/lib\u00e94.jpg?fit=218%2C300&amp;ssl=1\" data-large-file=\"https:\/\/i0.wp.com\/mathieupoulain.cluster1.easy-hebergement.net\/wp-content\/uploads\/2015\/02\/lib\u00e94.jpg?fit=745%2C1024&amp;ssl=1\" decoding=\"async\" loading=\"lazy\" class=\"aligncenter wp-image-906 size-large\" src=\"https:\/\/i0.wp.com\/mathieupoulain.cluster1.easy-hebergement.net\/wp-content\/uploads\/2015\/02\/lib\u00e94.jpg?resize=745%2C1024&#038;ssl=1\" width=\"745\" height=\"1024\" srcset=\"https:\/\/i0.wp.com\/mathieupoulain.cluster1.easy-hebergement.net\/wp-content\/uploads\/2015\/02\/lib\u00e94.jpg?resize=745%2C1024&amp;ssl=1 745w, https:\/\/i0.wp.com\/mathieupoulain.cluster1.easy-hebergement.net\/wp-content\/uploads\/2015\/02\/lib\u00e94.jpg?resize=218%2C300&amp;ssl=1 218w, https:\/\/i0.wp.com\/mathieupoulain.cluster1.easy-hebergement.net\/wp-content\/uploads\/2015\/02\/lib\u00e94.jpg?resize=768%2C1056&amp;ssl=1 768w, https:\/\/i0.wp.com\/mathieupoulain.cluster1.easy-hebergement.net\/wp-content\/uploads\/2015\/02\/lib\u00e94.jpg?w=1528&amp;ssl=1 1528w, https:\/\/i0.wp.com\/mathieupoulain.cluster1.easy-hebergement.net\/wp-content\/uploads\/2015\/02\/lib\u00e94.jpg?w=2292&amp;ssl=1 2292w\" sizes=\"(max-width: 745px) 100vw, 745px\" data-recalc-dims=\"1\" \/><\/a><a href=\"https:\/\/i0.wp.com\/mathieupoulain.cluster1.easy-hebergement.net\/wp-content\/uploads\/2015\/02\/lib\u00e96.jpg?ssl=1\"><img data-attachment-id=\"902\" data-permalink=\"https:\/\/mathieupoulain.cluster1.easy-hebergement.net\/?attachment_id=902\" data-orig-file=\"https:\/\/i0.wp.com\/mathieupoulain.cluster1.easy-hebergement.net\/wp-content\/uploads\/2015\/02\/lib\u00e96.jpg?fit=2550%2C3507&amp;ssl=1\" data-orig-size=\"2550,3507\" data-comments-opened=\"0\" data-image-meta=\"{&quot;aperture&quot;:&quot;0&quot;,&quot;credit&quot;:&quot;Picasa&quot;,&quot;camera&quot;:&quot;&quot;,&quot;caption&quot;:&quot;&quot;,&quot;created_timestamp&quot;:&quot;1481206151&quot;,&quot;copyright&quot;:&quot;&quot;,&quot;focal_length&quot;:&quot;0&quot;,&quot;iso&quot;:&quot;0&quot;,&quot;shutter_speed&quot;:&quot;0&quot;,&quot;title&quot;:&quot;&quot;,&quot;orientation&quot;:&quot;0&quot;}\" data-image-title=\"lib\u00e96\" data-image-description=\"\" data-image-caption=\"\" data-medium-file=\"https:\/\/i0.wp.com\/mathieupoulain.cluster1.easy-hebergement.net\/wp-content\/uploads\/2015\/02\/lib\u00e96.jpg?fit=218%2C300&amp;ssl=1\" data-large-file=\"https:\/\/i0.wp.com\/mathieupoulain.cluster1.easy-hebergement.net\/wp-content\/uploads\/2015\/02\/lib\u00e96.jpg?fit=745%2C1024&amp;ssl=1\" decoding=\"async\" loading=\"lazy\" class=\"aligncenter wp-image-902 size-large\" src=\"https:\/\/i0.wp.com\/mathieupoulain.cluster1.easy-hebergement.net\/wp-content\/uploads\/2015\/02\/lib\u00e96.jpg?resize=745%2C1024&#038;ssl=1\" width=\"745\" height=\"1024\" srcset=\"https:\/\/i0.wp.com\/mathieupoulain.cluster1.easy-hebergement.net\/wp-content\/uploads\/2015\/02\/lib\u00e96.jpg?resize=745%2C1024&amp;ssl=1 745w, https:\/\/i0.wp.com\/mathieupoulain.cluster1.easy-hebergement.net\/wp-content\/uploads\/2015\/02\/lib\u00e96.jpg?resize=218%2C300&amp;ssl=1 218w, https:\/\/i0.wp.com\/mathieupoulain.cluster1.easy-hebergement.net\/wp-content\/uploads\/2015\/02\/lib\u00e96.jpg?resize=768%2C1056&amp;ssl=1 768w, https:\/\/i0.wp.com\/mathieupoulain.cluster1.easy-hebergement.net\/wp-content\/uploads\/2015\/02\/lib\u00e96.jpg?w=1528&amp;ssl=1 1528w, https:\/\/i0.wp.com\/mathieupoulain.cluster1.easy-hebergement.net\/wp-content\/uploads\/2015\/02\/lib\u00e96.jpg?w=2292&amp;ssl=1 2292w\" sizes=\"(max-width: 745px) 100vw, 745px\" data-recalc-dims=\"1\" \/><\/a><\/td>\n<\/tr>\n<tr>\n<td colspan=\"2\">\u00a0<span style=\"font-family: 'book antiqua', palatino; color: #808080;\">Quelques <span style=\"color: #000000;\"><strong>expositions collectives<\/strong><\/span> dans les alpes avec <em>St\u00e9phane Cerutti , Bruno Francoz ( Nos\u00e9 )<\/em>\u00a0et <em>Jean-pierre Nadau <\/em>\u00a0&#8230;<\/span><\/td>\n<\/tr>\n<\/tbody>\n<\/table>\n","protected":false},"excerpt":{"rendered":"<p>Exposition collective &#8211; d\u00e9cembre 2015 &#8211; septembre 2016 A l&rsquo;Altiport chez C\u00e9line \u00a0&#8211; Meg\u00e8ve Exposition individuelle &#8211; Automne 2015 Au 10 rue du Chariot d&rsquo;or \u00e0 Lyon Montage de l&rsquo;exposition Intro Projection int\u00e9grale Participation au Festival des squats organis\u00e9 par le Palais de Tokyo en 2002 Au 111, rue St Honor\u00e9 \u00e0 Paris Actuel Laboratoire [&hellip;]<\/p>\n","protected":false},"author":1,"featured_media":0,"parent":0,"menu_order":0,"comment_status":"closed","ping_status":"open","template":"","meta":{"jetpack_post_was_ever_published":false},"tags":[],"jetpack_sharing_enabled":true,"jetpack_shortlink":"https:\/\/wp.me\/P7Zs8N-8","jetpack-related-posts":[{"id":610,"url":"https:\/\/mathieupoulain.cluster1.easy-hebergement.net\/?page_id=610","url_meta":{"origin":8,"position":0},"title":"Exp\u00e9rimental","author":"Mathieu Poulain","date":"25 f\u00e9vrier 2016","format":false,"excerpt":"\u00a0 \u00a0 \u00a0 \u00a0 \u00a0 \u00a0 \u00a0 \u00a0 \u00a0 \u00a0 \u00a0 \u00a0 \u00a0 \u00a0 \u00a0 \u00a0 \u00a0 \u00a0 \u00a0 \u00a0 \u00a0 \u00a0 \u00a0 \u00a0 \u00a0 \u00a0 \u00a0 \u00a0 \u00a0 \u00a0 \u00a0 \u00a0 \u00a0 \u00a0 \u00a0 \u00a0 \u00a0 Carnet\u00a0mai 2018 Montage r\u00e9alis\u00e9 lors du vernissage de l'exposition \u00e0 Lyon - Automne\u2026","rel":"","context":"Article similaire","block_context":{"text":"Article similaire","link":""},"img":{"alt_text":"","src":"https:\/\/i0.wp.com\/mathieupoulain.cluster1.easy-hebergement.net\/wp-content\/uploads\/2015\/05\/akkkk.jpg?resize=350%2C200","width":350,"height":200},"classes":[]}],"_links":{"self":[{"href":"https:\/\/mathieupoulain.cluster1.easy-hebergement.net\/index.php?rest_route=\/wp\/v2\/pages\/8"}],"collection":[{"href":"https:\/\/mathieupoulain.cluster1.easy-hebergement.net\/index.php?rest_route=\/wp\/v2\/pages"}],"about":[{"href":"https:\/\/mathieupoulain.cluster1.easy-hebergement.net\/index.php?rest_route=\/wp\/v2\/types\/page"}],"author":[{"embeddable":true,"href":"https:\/\/mathieupoulain.cluster1.easy-hebergement.net\/index.php?rest_route=\/wp\/v2\/users\/1"}],"replies":[{"embeddable":true,"href":"https:\/\/mathieupoulain.cluster1.easy-hebergement.net\/index.php?rest_route=%2Fwp%2Fv2%2Fcomments&post=8"}],"version-history":[{"count":44,"href":"https:\/\/mathieupoulain.cluster1.easy-hebergement.net\/index.php?rest_route=\/wp\/v2\/pages\/8\/revisions"}],"predecessor-version":[{"id":1794,"href":"https:\/\/mathieupoulain.cluster1.easy-hebergement.net\/index.php?rest_route=\/wp\/v2\/pages\/8\/revisions\/1794"}],"wp:attachment":[{"href":"https:\/\/mathieupoulain.cluster1.easy-hebergement.net\/index.php?rest_route=%2Fwp%2Fv2%2Fmedia&parent=8"}],"wp:term":[{"taxonomy":"post_tag","embeddable":true,"href":"https:\/\/mathieupoulain.cluster1.easy-hebergement.net\/index.php?rest_route=%2Fwp%2Fv2%2Ftags&post=8"}],"curies":[{"name":"wp","href":"https:\/\/api.w.org\/{rel}","templated":true}]}}